{"id":468,"date":"2020-06-24T19:58:24","date_gmt":"2020-06-24T19:58:24","guid":{"rendered":"https:\/\/katjapokorn.com\/ostali-projekti\/"},"modified":"2026-01-16T10:33:44","modified_gmt":"2026-01-16T10:33:44","slug":"ostali-projekti","status":"publish","type":"page","link":"https:\/\/katjapokorn.com\/sl\/ostali-projekti\/","title":{"rendered":"Ostali projekti"},"content":{"rendered":"<p>[et_pb_section fb_built=&#8221;1&#8243; _builder_version=&#8221;4.16&#8243; custom_padding=&#8221;6px|||||&#8221; global_colors_info=&#8221;{}&#8221;][et_pb_row column_structure=&#8221;1_2,1_2&#8243; use_custom_gutter=&#8221;on&#8221; gutter_width=&#8221;2&#8243; _builder_version=&#8221;4.16&#8243; width=&#8221;95%&#8221; max_width=&#8221;100%&#8221; custom_padding=&#8221;2px|||||&#8221; global_colors_info=&#8221;{}&#8221;][et_pb_column type=&#8221;1_2&#8243; _builder_version=&#8221;4.16&#8243; link_option_url=&#8221;https:\/\/katjapokorn.com\/sl\/project\/obcutek-adrenalina\/&#8221; global_colors_info=&#8221;{}&#8221;][et_pb_image src=&#8221;https:\/\/katjapokorn.com\/wp-content\/uploads\/2026\/01\/MaticKokl@BlueberryWhite_pKatjaPokorn_1.jpg&#8221; title_text=&#8221;MaticKokl@BlueberryWhite_pKatjaPokorn_1&#8243; url=&#8221;https:\/\/katjapokorn.com\/sl\/project\/bele-borovnicke\/&#8221; show_bottom_space=&#8221;off&#8221; _builder_version=&#8221;4.24.0&#8243; hover_enabled=&#8221;0&#8243; global_colors_info=&#8221;{}&#8221; alt=&#8221;Freeride mountain biker Matic Kokl flying high on a jump at snowy mtb trail&#8221; sticky_enabled=&#8221;0&#8243;][\/et_pb_image][et_pb_text _builder_version=&#8221;4.24.0&#8243; header_2_font=&#8221;|||on|||||&#8221; header_2_text_align=&#8221;center&#8221; header_2_letter_spacing=&#8221;5px&#8221; background_color=&#8221;#ffffff&#8221; width=&#8221;44%&#8221; width_tablet=&#8221;77%&#8221; width_phone=&#8221;90%&#8221; width_last_edited=&#8221;on|phone&#8221; module_alignment=&#8221;center&#8221; custom_margin=&#8221;-30px||||false|false&#8221; link_option_url=&#8221;https:\/\/katjapokorn.com\/sl\/project\/bele-borovnicke\/&#8221; hover_enabled=&#8221;0&#8243; global_colors_info=&#8221;{}&#8221; sticky_enabled=&#8221;0&#8243;]<\/p>\n<h2>Bele Borovni\u010dke<\/h2>\n<p>[\/et_pb_text][\/et_pb_column][et_pb_column type=&#8221;1_2&#8243; _builder_version=&#8221;4.16&#8243; link_option_url=&#8221;https:\/\/katjapokorn.com\/sl\/project\/nad-meglicami\/&#8221; global_colors_info=&#8221;{}&#8221;][et_pb_image src=&#8221;https:\/\/katjapokorn.com\/wp-content\/uploads\/2020\/09\/BineZalohar@KeepBusybyLegitFilms_pKatjaPokorn-8.jpg&#8221; title_text=&#8221;BineZalohar@KeepBusybyLegitFilms\u00a9KatjaPokorn&#8221; url=&#8221;https:\/\/katjapokorn.com\/sl\/project\/ostani-v-pogonu\/&#8221; show_bottom_space=&#8221;off&#8221; _builder_version=&#8221;4.16&#8243; global_colors_info=&#8221;{}&#8221; locked=&#8221;off&#8221;][\/et_pb_image][et_pb_text _builder_version=&#8221;4.16&#8243; header_2_font=&#8221;|||on|||||&#8221; header_2_text_align=&#8221;center&#8221; header_2_letter_spacing=&#8221;5px&#8221; background_color=&#8221;#ffffff&#8221; width=&#8221;44%&#8221; width_tablet=&#8221;77%&#8221; width_phone=&#8221;90%&#8221; width_last_edited=&#8221;on|phone&#8221; module_alignment=&#8221;center&#8221; custom_margin=&#8221;-30px||||false|false&#8221; link_option_url=&#8221;https:\/\/katjapokorn.com\/sl\/project\/ostani-v-pogonu\/&#8221; global_colors_info=&#8221;{}&#8221; locked=&#8221;off&#8221;]<\/p>\n<h2>Ostani v pogonu<\/h2>\n<p>[\/et_pb_text][\/et_pb_column][\/et_pb_row][et_pb_row column_structure=&#8221;1_2,1_2&#8243; use_custom_gutter=&#8221;on&#8221; gutter_width=&#8221;2&#8243; _builder_version=&#8221;4.16&#8243; width=&#8221;95%&#8221; max_width=&#8221;100%&#8221; custom_padding=&#8221;||10px|||&#8221; global_colors_info=&#8221;{}&#8221;][et_pb_column type=&#8221;1_2&#8243; _builder_version=&#8221;4.16&#8243; link_option_url=&#8221;https:\/\/katjapokorn.com\/sl\/project\/kapljice-oceana\/&#8221; global_colors_info=&#8221;{}&#8221;][et_pb_image src=&#8221;https:\/\/katjapokorn.com\/wp-content\/uploads\/2020\/06\/OffshoreDays_pKatjaPokorn.jpg&#8221; title_text=&#8221;VeterZObale_pKatjaPokorn&#8221; show_bottom_space=&#8221;off&#8221; _builder_version=&#8221;4.16&#8243; global_colors_info=&#8221;{}&#8221;][\/et_pb_image][et_pb_text _builder_version=&#8221;4.16&#8243; header_2_font=&#8221;|||on|||||&#8221; header_2_text_align=&#8221;center&#8221; header_2_letter_spacing=&#8221;5px&#8221; background_color=&#8221;#ffffff&#8221; width=&#8221;44%&#8221; width_tablet=&#8221;77%&#8221; width_phone=&#8221;90%&#8221; width_last_edited=&#8221;on|phone&#8221; module_alignment=&#8221;center&#8221; custom_margin=&#8221;-30px||||false|false&#8221; global_colors_info=&#8221;{}&#8221;]<\/p>\n<h2>Kapljice oceana<\/h2>\n<p>[\/et_pb_text][\/et_pb_column][et_pb_column type=&#8221;1_2&#8243; _builder_version=&#8221;4.16&#8243; link_option_url=&#8221;https:\/\/katjapokorn.com\/sl\/project\/nedotaknjeno\/&#8221; global_colors_info=&#8221;{}&#8221;][et_pb_image src=&#8221;https:\/\/katjapokorn.com\/wp-content\/uploads\/2020\/06\/Butter-MatevzPristavec_pKatjaPokorn-1.jpg&#8221; title_text=&#8221;Butter-MatevzPristavec_pKatjaPokorn&#8221; show_bottom_space=&#8221;off&#8221; _builder_version=&#8221;4.16&#8243; global_colors_info=&#8221;{}&#8221;][\/et_pb_image][et_pb_text _builder_version=&#8221;4.16&#8243; header_2_font=&#8221;|||on|||||&#8221; header_2_text_align=&#8221;center&#8221; header_2_letter_spacing=&#8221;5px&#8221; background_color=&#8221;#ffffff&#8221; width=&#8221;44%&#8221; width_tablet=&#8221;77%&#8221; width_phone=&#8221;90%&#8221; width_last_edited=&#8221;on|phone&#8221; module_alignment=&#8221;center&#8221; custom_margin=&#8221;-30px||||false|false&#8221; global_colors_info=&#8221;{}&#8221;]<\/p>\n<h2>Nedotaknjeno<\/h2>\n<p>[\/et_pb_text][\/et_pb_column][\/et_pb_row][et_pb_row column_structure=&#8221;1_2,1_2&#8243; use_custom_gutter=&#8221;on&#8221; gutter_width=&#8221;2&#8243; _builder_version=&#8221;4.16&#8243; width=&#8221;95%&#8221; max_width=&#8221;100%&#8221; custom_padding=&#8221;2px|||||&#8221; global_colors_info=&#8221;{}&#8221;][et_pb_column type=&#8221;1_2&#8243; _builder_version=&#8221;4.16&#8243; link_option_url=&#8221;https:\/\/katjapokorn.com\/sl\/project\/obcutek-adrenalina\/&#8221; global_colors_info=&#8221;{}&#8221;][et_pb_image src=&#8221;https:\/\/katjapokorn.com\/wp-content\/uploads\/2020\/06\/SunsetSlideSession-MitjaLegat_pKatjaPokorn-1.jpg&#8221; title_text=&#8221;ObSoncnemZahodu-MitjaLegat_pKatjaPokorn&#8221; show_bottom_space=&#8221;off&#8221; _builder_version=&#8221;4.16&#8243; global_colors_info=&#8221;{}&#8221;][\/et_pb_image][et_pb_text _builder_version=&#8221;4.16&#8243; header_2_font=&#8221;|||on|||||&#8221; header_2_text_align=&#8221;center&#8221; header_2_letter_spacing=&#8221;5px&#8221; background_color=&#8221;#ffffff&#8221; width=&#8221;44%&#8221; width_tablet=&#8221;77%&#8221; width_phone=&#8221;90%&#8221; width_last_edited=&#8221;on|phone&#8221; module_alignment=&#8221;center&#8221; custom_margin=&#8221;-30px||||false|false&#8221; global_colors_info=&#8221;{}&#8221;]<\/p>\n<h2>Ob\u010dutek adrenalina<\/h2>\n<p>[\/et_pb_text][\/et_pb_column][et_pb_column type=&#8221;1_2&#8243; _builder_version=&#8221;4.16&#8243; link_option_url=&#8221;https:\/\/katjapokorn.com\/sl\/project\/nad-meglicami\/&#8221; global_colors_info=&#8221;{}&#8221;][et_pb_image src=&#8221;https:\/\/katjapokorn.com\/wp-content\/uploads\/2023\/03\/Ales\u030cOgrinc@Fit4Bike_training_pKatjaPokorn_09.jpg&#8221; title_text=&#8221;Ales\u030cOgrinc@Fit4Bike_trening&#8221; url=&#8221;https:\/\/katjapokorn.com\/sl\/project\/fit4bike\/&#8221; show_bottom_space=&#8221;off&#8221; _builder_version=&#8221;4.16&#8243; global_colors_info=&#8221;{}&#8221; locked=&#8221;off&#8221;][\/et_pb_image][et_pb_text _builder_version=&#8221;4.16&#8243; header_2_font=&#8221;|||on|||||&#8221; header_2_text_align=&#8221;center&#8221; header_2_letter_spacing=&#8221;5px&#8221; background_color=&#8221;#ffffff&#8221; width=&#8221;44%&#8221; width_tablet=&#8221;77%&#8221; width_phone=&#8221;90%&#8221; width_last_edited=&#8221;on|phone&#8221; module_alignment=&#8221;center&#8221; custom_margin=&#8221;-30px||||false|false&#8221; link_option_url=&#8221;https:\/\/katjapokorn.com\/sl\/project\/fit4bike\/&#8221; global_colors_info=&#8221;{}&#8221; locked=&#8221;off&#8221;]<\/p>\n<h2>Fit4Bike<\/h2>\n<p>[\/et_pb_text][\/et_pb_column][\/et_pb_row][et_pb_row column_structure=&#8221;1_2,1_2&#8243; use_custom_gutter=&#8221;on&#8221; gutter_width=&#8221;2&#8243; _builder_version=&#8221;4.16&#8243; width=&#8221;95%&#8221; max_width=&#8221;100%&#8221; custom_padding=&#8221;2px|||||&#8221; global_colors_info=&#8221;{}&#8221;][et_pb_column type=&#8221;1_2&#8243; _builder_version=&#8221;4.16&#8243; link_option_url=&#8221;https:\/\/katjapokorn.com\/sl\/project\/obcutek-adrenalina\/&#8221; global_colors_info=&#8221;{}&#8221;][et_pb_image src=&#8221;https:\/\/katjapokorn.com\/wp-content\/uploads\/2020\/06\/Defend\u00a9KatjaPokorn.jpg&#8221; title_text=&#8221;BraniNaravo\u00a9KatjaPokorn&#8221; url=&#8221;https:\/\/katjapokorn.com\/sl\/project\/glas-za-reke\/&#8221; show_bottom_space=&#8221;off&#8221; _builder_version=&#8221;4.16&#8243; global_colors_info=&#8221;{}&#8221;][\/et_pb_image][et_pb_text _builder_version=&#8221;4.16&#8243; header_2_font=&#8221;|||on|||||&#8221; header_2_text_align=&#8221;center&#8221; header_2_letter_spacing=&#8221;5px&#8221; background_color=&#8221;#ffffff&#8221; width=&#8221;44%&#8221; width_tablet=&#8221;77%&#8221; width_phone=&#8221;90%&#8221; width_last_edited=&#8221;on|phone&#8221; module_alignment=&#8221;center&#8221; custom_margin=&#8221;-30px||||false|false&#8221; link_option_url=&#8221;https:\/\/katjapokorn.com\/sl\/project\/glas-za-reke\/&#8221; global_colors_info=&#8221;{}&#8221;]<\/p>\n<h2>Glas za reke<\/h2>\n<p>[\/et_pb_text][\/et_pb_column][et_pb_column type=&#8221;1_2&#8243; _builder_version=&#8221;4.16&#8243; link_option_url=&#8221;https:\/\/katjapokorn.com\/sl\/project\/nad-meglicami\/&#8221; global_colors_info=&#8221;{}&#8221;][et_pb_image src=&#8221;https:\/\/katjapokorn.com\/wp-content\/uploads\/2020\/06\/FirstLights_pKatjaPokorn.jpg&#8221; title_text=&#8221;PrvaSvetloba\u00a9KatjaPokorn&#8221; url=&#8221;https:\/\/katjapokorn.com\/sl\/project\/od-vzhoda-do-zahoda\/&#8221; show_bottom_space=&#8221;off&#8221; _builder_version=&#8221;4.16&#8243; global_colors_info=&#8221;{}&#8221;][\/et_pb_image][et_pb_text _builder_version=&#8221;4.16&#8243; header_2_font=&#8221;|||on|||||&#8221; header_2_text_align=&#8221;center&#8221; header_2_letter_spacing=&#8221;5px&#8221; background_color=&#8221;#ffffff&#8221; width=&#8221;44%&#8221; width_tablet=&#8221;77%&#8221; width_phone=&#8221;90%&#8221; width_last_edited=&#8221;on|phone&#8221; module_alignment=&#8221;center&#8221; custom_margin=&#8221;-30px||||false|false&#8221; link_option_url=&#8221;https:\/\/katjapokorn.com\/sl\/project\/od-vzhoda-do-zahoda\/&#8221; global_colors_info=&#8221;{}&#8221;]<\/p>\n<h2>Od vzhoda do zahoda <\/h2>\n<p>[\/et_pb_text][\/et_pb_column][\/et_pb_row][et_pb_row column_structure=&#8221;1_2,1_2&#8243; use_custom_gutter=&#8221;on&#8221; gutter_width=&#8221;2&#8243; _builder_version=&#8221;4.16&#8243; width=&#8221;95%&#8221; max_width=&#8221;100%&#8221; custom_padding=&#8221;2px|||||&#8221; global_colors_info=&#8221;{}&#8221;][et_pb_column type=&#8221;1_2&#8243; _builder_version=&#8221;4.16&#8243; link_option_url=&#8221;https:\/\/katjapokorn.com\/sl\/project\/obcutek-adrenalina\/&#8221; global_colors_info=&#8221;{}&#8221;][et_pb_image src=&#8221;https:\/\/katjapokorn.com\/wp-content\/uploads\/2020\/07\/Crooked-NejcMrak\u00a9KatjaPokorn.jpg&#8221; title_text=&#8221;Crooked-NejcMrak\u00a9KatjaPokorn&#8221; url=&#8221;https:\/\/katjapokorn.com\/sl\/project\/zmer-isto\/&#8221; show_bottom_space=&#8221;off&#8221; _builder_version=&#8221;4.16&#8243; global_colors_info=&#8221;{}&#8221;][\/et_pb_image][et_pb_text _builder_version=&#8221;4.16&#8243; header_2_font=&#8221;|||on|||||&#8221; header_2_text_align=&#8221;center&#8221; header_2_letter_spacing=&#8221;5px&#8221; background_color=&#8221;#ffffff&#8221; width=&#8221;44%&#8221; width_tablet=&#8221;77%&#8221; width_phone=&#8221;90%&#8221; width_last_edited=&#8221;on|phone&#8221; module_alignment=&#8221;center&#8221; custom_margin=&#8221;-30px||||false|false&#8221; link_option_url=&#8221;https:\/\/katjapokorn.com\/sl\/project\/zmer-isto\/&#8221; global_colors_info=&#8221;{}&#8221;]<\/p>\n<h2>Zmer isto<\/h2>\n<p>[\/et_pb_text][\/et_pb_column][et_pb_column type=&#8221;1_2&#8243; _builder_version=&#8221;4.16&#8243; link_option_url=&#8221;https:\/\/katjapokorn.com\/sl\/project\/nad-meglicami\/&#8221; global_colors_info=&#8221;{}&#8221;][et_pb_image src=&#8221;https:\/\/katjapokorn.com\/wp-content\/uploads\/2020\/07\/BeforeDescent-MitjaLegat\u00a9KatjaPokorn.jpg&#8221; title_text=&#8221;PredSpustom-MitjaLegat\u00a9KatjaPokorn&#8221; url=&#8221;https:\/\/katjapokorn.com\/sl\/project\/zimska-raziskovanja\/&#8221; show_bottom_space=&#8221;off&#8221; _builder_version=&#8221;4.16&#8243; global_colors_info=&#8221;{}&#8221;][\/et_pb_image][et_pb_text _builder_version=&#8221;4.16&#8243; header_2_font=&#8221;|||on|||||&#8221; header_2_text_align=&#8221;center&#8221; header_2_letter_spacing=&#8221;5px&#8221; background_color=&#8221;#ffffff&#8221; width=&#8221;44%&#8221; width_tablet=&#8221;77%&#8221; width_phone=&#8221;90%&#8221; width_last_edited=&#8221;on|phone&#8221; module_alignment=&#8221;center&#8221; custom_margin=&#8221;-30px||||false|false&#8221; link_option_url=&#8221;https:\/\/katjapokorn.com\/sl\/project\/zimska-raziskovanja\/&#8221; global_colors_info=&#8221;{}&#8221;]<\/p>\n<h2>Zimska raziskovanja<\/h2>\n<p>[\/et_pb_text][\/et_pb_column][\/et_pb_row][et_pb_row column_structure=&#8221;1_2,1_2&#8243; use_custom_gutter=&#8221;on&#8221; gutter_width=&#8221;2&#8243; _builder_version=&#8221;4.16&#8243; width=&#8221;95%&#8221; max_width=&#8221;100%&#8221; custom_padding=&#8221;2px|||||&#8221; global_colors_info=&#8221;{}&#8221;][et_pb_column type=&#8221;1_2&#8243; _builder_version=&#8221;4.16&#8243; link_option_url=&#8221;https:\/\/katjapokorn.com\/sl\/project\/obcutek-adrenalina\/&#8221; global_colors_info=&#8221;{}&#8221;][et_pb_image src=&#8221;https:\/\/katjapokorn.com\/wp-content\/uploads\/2020\/06\/OneForTheBooks-MarkoBabic\u00a9KatjaPokorn.jpg&#8221; title_text=&#8221;OneForTheBooks-MarkoBabic\u00a9KatjaPokorn&#8221; url=&#8221;https:\/\/katjapokorn.com\/sl\/project\/valovi-juznih-vetrov\/&#8221; show_bottom_space=&#8221;off&#8221; _builder_version=&#8221;4.16&#8243; locked=&#8221;off&#8221; global_colors_info=&#8221;{}&#8221;][\/et_pb_image][et_pb_text _builder_version=&#8221;4.24.0&#8243; header_2_font=&#8221;|||on|||||&#8221; header_2_text_align=&#8221;center&#8221; header_2_letter_spacing=&#8221;5px&#8221; background_color=&#8221;#ffffff&#8221; width=&#8221;44%&#8221; width_tablet=&#8221;77%&#8221; width_phone=&#8221;90%&#8221; width_last_edited=&#8221;on|phone&#8221; module_alignment=&#8221;center&#8221; custom_margin=&#8221;-30px||||false|false&#8221; link_option_url=&#8221;https:\/\/katjapokorn.com\/sl\/project\/valovi-juznih-vetrov\/&#8221; locked=&#8221;off&#8221; global_colors_info=&#8221;{}&#8221;]<\/p>\n<h2>Valovi ju\u017enih vetrov<\/h2>\n<p>[\/et_pb_text][\/et_pb_column][et_pb_column type=&#8221;1_2&#8243; _builder_version=&#8221;4.16&#8243; link_option_url=&#8221;https:\/\/katjapokorn.com\/sl\/project\/nad-meglicami\/&#8221; global_colors_info=&#8221;{}&#8221;][et_pb_image src=&#8221;https:\/\/katjapokorn.com\/wp-content\/uploads\/2020\/06\/Pyramids_pKatjaPokorn-1.jpg&#8221; title_text=&#8221;Piramide_pKatjaPokorn&#8221; show_bottom_space=&#8221;off&#8221; _builder_version=&#8221;4.16&#8243; global_colors_info=&#8221;{}&#8221; locked=&#8221;off&#8221;][\/et_pb_image][et_pb_text _builder_version=&#8221;4.16&#8243; header_2_font=&#8221;|||on|||||&#8221; header_2_text_align=&#8221;center&#8221; header_2_letter_spacing=&#8221;5px&#8221; background_color=&#8221;#ffffff&#8221; width=&#8221;44%&#8221; width_tablet=&#8221;77%&#8221; width_phone=&#8221;90%&#8221; width_last_edited=&#8221;on|phone&#8221; module_alignment=&#8221;center&#8221; custom_margin=&#8221;-30px||||false|false&#8221; global_colors_info=&#8221;{}&#8221; locked=&#8221;off&#8221;]<\/p>\n<h2>Nad meglicami <\/h2>\n<p>[\/et_pb_text][\/et_pb_column][\/et_pb_row][\/et_pb_section]<\/p>\n","protected":false},"excerpt":{"rendered":"<p>Bele Borovni\u010dkeOstani v pogonuKapljice oceanaNedotaknjenoOb\u010dutek adrenalinaFit4BikeGlas za rekeOd vzhoda do zahoda Zmer istoZimska raziskovanjaValovi ju\u017enih vetrovNad meglicami<\/p>\n","protected":false},"author":1,"featured_media":0,"parent":0,"menu_order":0,"comment_status":"closed","ping_status":"closed","template":"","meta":{"_et_pb_use_builder":"on","_et_pb_old_content":"","_et_gb_content_width":"","footnotes":""},"_links":{"self":[{"href":"https:\/\/katjapokorn.com\/sl\/wp-json\/wp\/v2\/pages\/468"}],"collection":[{"href":"https:\/\/katjapokorn.com\/sl\/wp-json\/wp\/v2\/pages"}],"about":[{"href":"https:\/\/katjapokorn.com\/sl\/wp-json\/wp\/v2\/types\/page"}],"author":[{"embeddable":true,"href":"https:\/\/katjapokorn.com\/sl\/wp-json\/wp\/v2\/users\/1"}],"replies":[{"embeddable":true,"href":"https:\/\/katjapokorn.com\/sl\/wp-json\/wp\/v2\/comments?post=468"}],"version-history":[{"count":4,"href":"https:\/\/katjapokorn.com\/sl\/wp-json\/wp\/v2\/pages\/468\/revisions"}],"predecessor-version":[{"id":4891,"href":"https:\/\/katjapokorn.com\/sl\/wp-json\/wp\/v2\/pages\/468\/revisions\/4891"}],"wp:attachment":[{"href":"https:\/\/katjapokorn.com\/sl\/wp-json\/wp\/v2\/media?parent=468"}],"curies":[{"name":"wp","href":"https:\/\/api.w.org\/{rel}","templated":true}]}}