{"id":414,"date":"2020-06-24T07:15:38","date_gmt":"2020-06-24T07:15:38","guid":{"rendered":"https:\/\/katjapokorn.com\/o-meni\/"},"modified":"2026-01-16T09:51:57","modified_gmt":"2026-01-16T09:51:57","slug":"o-meni","status":"publish","type":"page","link":"https:\/\/katjapokorn.com\/sl\/o-meni\/","title":{"rendered":"O meni"},"content":{"rendered":"<p>[et_pb_section fb_built=&#8221;1&#8243; _builder_version=&#8221;4.4.6&#8243; custom_padding=&#8221;1px|||||&#8221;][et_pb_row column_structure=&#8221;1_2,1_2&#8243; _builder_version=&#8221;4.4.8&#8243; custom_padding=&#8221;50px|||||&#8221; hover_enabled=&#8221;0&#8243; width=&#8221;100%&#8221; width_last_edited=&#8221;on|phone&#8221; width_phone=&#8221;85%&#8221;][et_pb_column type=&#8221;1_2&#8243; _builder_version=&#8221;4.4.6&#8243;][et_pb_image src=&#8221;https:\/\/katjapokorn.com\/wp-content\/uploads\/2020\/06\/KatjaP_bw.jpg&#8221; title_text=&#8221;KatjaP&#8221; _builder_version=&#8221;4.4.8&#8243;][\/et_pb_image][\/et_pb_column][et_pb_column type=&#8221;1_2&#8243; _builder_version=&#8221;4.4.6&#8243;][et_pb_text _builder_version=&#8221;4.4.8&#8243; header_font=&#8221;|||on|||||&#8221; header_letter_spacing=&#8221;5px&#8221; custom_margin=&#8221;114px|||||&#8221; hover_enabled=&#8221;0&#8243; custom_margin_last_edited=&#8221;on|phone&#8221; custom_margin_phone=&#8221;20px||||false|false&#8221;]<\/p>\n<h1>Hej! Jaz sem Katja<\/h1>\n<p class=\"p1\">Nemiren duh in spet naklju\u010dij sta me vodila do prvega rokovanja s kamero, navdu\u0161enje in strast do deskarskih \u0161portov pa do prvega dela fotografinje v surf kampu in kasneje do sodelovanja pri deskarsko \u2013 smu\u010darskem filmskem projektu v Sloveniji.<\/p>\n<p class=\"p1\">Mojo malo zono udobja predstavlja potrpe\u017eljivo opazovanje v prostranosti narave, ki mi ponuja neomejene mo\u017enosti svetlobe in senc, in kjer lahko pustim trenutkom, da se preprosto zgodijo ter jih dokumentiram v njihovi naj\u010distej\u0161i obliki.<\/p>\n<p class=\"p1\">Izkoristiti posku\u0161am vsako prilo\u017enost za potovanje in raziskovanje sveta. Z ob\u010dutkom za mirne ali divje trenutke, se vedno trudim ujeti bistvo razli\u010dnih subjektov \u2013 od longboarderjev, ki drsijo po betonu, in vse do spokojnih gorskih krajin.  Vklju\u010ditev v dogajanje na nevsiljiv in diskreten na\u010din mi omogo\u010da pogled z razli\u010dnih kotov, v katere vsaki\u010d sku\u0161am dodati kan\u010dek sebe. U\u017eivam v vseh letnih \u010dasih, na vseh nadmorskih vi\u0161inah, vsak dan pa za\u010dnem z dobro kavo in \u017eeljo po novih dogodi\u0161\u010dinah.<\/p>\n<p class=\"p1\">[\/et_pb_text][et_pb_social_media_follow icon_color=&#8221;#ffffff&#8221; use_icon_font_size=&#8221;on&#8221; icon_font_size=&#8221;20px&#8221; _builder_version=&#8221;4.4.8&#8243; text_orientation=&#8221;center&#8221; global_module=&#8221;198&#8243; saved_tabs=&#8221;all&#8221;][et_pb_social_media_follow_network social_network=&#8221;facebook&#8221; url=&#8221;https:\/\/www.facebook.com\/katja.pokorn.9&#8243; _builder_version=&#8221;4.4.8&#8243; background_color=&#8221;#232323&#8243; background_enable_color=&#8221;on&#8221; follow_button=&#8221;off&#8221; url_new_window=&#8221;on&#8221;]facebook[\/et_pb_social_media_follow_network][et_pb_social_media_follow_network social_network=&#8221;instagram&#8221; url=&#8221;https:\/\/www.instagram.com\/katjapokorn\/?hl=en&#8221; _builder_version=&#8221;4.4.8&#8243; background_color=&#8221;#232323&#8243; background_enable_color=&#8221;on&#8221; follow_button=&#8221;off&#8221; url_new_window=&#8221;on&#8221;]instagram[\/et_pb_social_media_follow_network][et_pb_social_media_follow_network social_network=&#8221;linkedin&#8221; url=&#8221;https:\/\/si.linkedin.com\/in\/katja-pokorn-7145a7104&#8243; _builder_version=&#8221;4.4.8&#8243; background_color=&#8221;#232323&#8243; background_enable_color=&#8221;on&#8221; follow_button=&#8221;off&#8221; url_new_window=&#8221;on&#8221;]linkedin[\/et_pb_social_media_follow_network][\/et_pb_social_media_follow][\/et_pb_column][\/et_pb_row][\/et_pb_section]<\/p>\n","protected":false},"excerpt":{"rendered":"<p>Hej! Jaz sem Katja Nemiren duh in spet naklju\u010dij sta me vodila do prvega rokovanja s kamero, navdu\u0161enje in strast do deskarskih \u0161portov pa do prvega dela fotografinje v surf kampu in kasneje do sodelovanja pri deskarsko \u2013 smu\u010darskem filmskem projektu v Sloveniji. Mojo malo zono udobja predstavlja potrpe\u017eljivo opazovanje v prostranosti narave, ki mi [&hellip;]<\/p>\n","protected":false},"author":1,"featured_media":0,"parent":0,"menu_order":0,"comment_status":"closed","ping_status":"closed","template":"","meta":{"_et_pb_use_builder":"on","_et_pb_old_content":"","_et_gb_content_width":"","footnotes":""},"_links":{"self":[{"href":"https:\/\/katjapokorn.com\/sl\/wp-json\/wp\/v2\/pages\/414"}],"collection":[{"href":"https:\/\/katjapokorn.com\/sl\/wp-json\/wp\/v2\/pages"}],"about":[{"href":"https:\/\/katjapokorn.com\/sl\/wp-json\/wp\/v2\/types\/page"}],"author":[{"embeddable":true,"href":"https:\/\/katjapokorn.com\/sl\/wp-json\/wp\/v2\/users\/1"}],"replies":[{"embeddable":true,"href":"https:\/\/katjapokorn.com\/sl\/wp-json\/wp\/v2\/comments?post=414"}],"version-history":[{"count":5,"href":"https:\/\/katjapokorn.com\/sl\/wp-json\/wp\/v2\/pages\/414\/revisions"}],"predecessor-version":[{"id":4868,"href":"https:\/\/katjapokorn.com\/sl\/wp-json\/wp\/v2\/pages\/414\/revisions\/4868"}],"wp:attachment":[{"href":"https:\/\/katjapokorn.com\/sl\/wp-json\/wp\/v2\/media?parent=414"}],"curies":[{"name":"wp","href":"https:\/\/api.w.org\/{rel}","templated":true}]}}